{"id":3228,"date":"2023-09-19T17:06:15","date_gmt":"2023-09-19T15:06:15","guid":{"rendered":"http:\/\/lauragary.net\/?page_id=3228"},"modified":"2025-10-13T11:29:47","modified_gmt":"2025-10-13T09:29:47","slug":"teachings","status":"publish","type":"page","link":"https:\/\/lauragary.net\/index.php\/teachings\/","title":{"rendered":"TEACHINGS"},"content":{"rendered":"\n<div class=\"wp-block-cover has-parallax\" style=\"min-height:50px;aspect-ratio:unset;\"><div class=\"wp-block-cover__image-background wp-image-4447 size-full has-parallax\" style=\"background-position:50% 50%;background-image:url(https:\/\/lauragary.net\/wp-content\/uploads\/2025\/10\/SOLAR-CURRENT.png)\"><\/div><span aria-hidden=\"true\" class=\"wp-block-cover__background has-background-dim-70 has-background-dim\" style=\"background-color:#1e1a16\"><\/span><div class=\"wp-block-cover__inner-container is-layout-constrained wp-block-cover-is-layout-constrained\">\n<h1 class=\"wp-block-heading has-text-align-center has-text-color has-link-color has-large-font-size wp-elements-ff5ff2df362403a26becb8ae59f4e2ce\" style=\"color:#d96b3b\"><strong>Teachings for all<\/strong><\/h1>\n<\/div><\/div>\n\n\n\n<div class=\"wp-block-columns has-background is-layout-flex wp-container-core-columns-is-layout-28f84493 wp-block-columns-is-layout-flex\" style=\"background-color:#1e1a16\">\n<div class=\"wp-block-column is-layout-flow wp-block-column-is-layout-flow\" style=\"flex-basis:33.33%\">\n<figure class=\"wp-block-image aligncenter size-large is-resized wp-duotone-blue-red\"><img loading=\"lazy\" decoding=\"async\" width=\"1024\" height=\"481\" src=\"https:\/\/lauragary.net\/wp-content\/uploads\/2022\/12\/fabrikPotsdam2006-1-1024x481.jpg\" alt=\"\" class=\"wp-image-927\" style=\"width:258px;height:auto\" srcset=\"https:\/\/lauragary.net\/wp-content\/uploads\/2022\/12\/fabrikPotsdam2006-1-1024x481.jpg 1024w, https:\/\/lauragary.net\/wp-content\/uploads\/2022\/12\/fabrikPotsdam2006-1-300x141.jpg 300w, https:\/\/lauragary.net\/wp-content\/uploads\/2022\/12\/fabrikPotsdam2006-1-768x361.jpg 768w, https:\/\/lauragary.net\/wp-content\/uploads\/2022\/12\/fabrikPotsdam2006-1-1536x722.jpg 1536w, https:\/\/lauragary.net\/wp-content\/uploads\/2022\/12\/fabrikPotsdam2006-1-2048x962.jpg 2048w, https:\/\/lauragary.net\/wp-content\/uploads\/2022\/12\/fabrikPotsdam2006-1-320x150.jpg 320w, https:\/\/lauragary.net\/wp-content\/uploads\/2022\/12\/fabrikPotsdam2006-1-480x226.jpg 480w, https:\/\/lauragary.net\/wp-content\/uploads\/2022\/12\/fabrikPotsdam2006-1-800x376.jpg 800w\" sizes=\"auto, (max-width: 1024px) 100vw, 1024px\" \/><\/figure>\n\n\n\n<figure class=\"wp-block-image aligncenter size-full is-resized\"><img loading=\"lazy\" decoding=\"async\" width=\"799\" height=\"630\" src=\"https:\/\/lauragary.net\/wp-content\/uploads\/2025\/10\/odile-laura-e1760299754830.png\" alt=\"\" class=\"wp-image-5177\" style=\"width:309px;height:auto\" srcset=\"https:\/\/lauragary.net\/wp-content\/uploads\/2025\/10\/odile-laura-e1760299754830.png 799w, https:\/\/lauragary.net\/wp-content\/uploads\/2025\/10\/odile-laura-e1760299754830-300x237.png 300w, https:\/\/lauragary.net\/wp-content\/uploads\/2025\/10\/odile-laura-e1760299754830-768x606.png 768w, https:\/\/lauragary.net\/wp-content\/uploads\/2025\/10\/odile-laura-e1760299754830-15x12.png 15w\" sizes=\"auto, (max-width: 799px) 100vw, 799px\" \/><\/figure>\n<\/div>\n\n\n\n<div class=\"wp-block-column is-layout-flow wp-block-column-is-layout-flow\" style=\"flex-basis:66.66%\">\n<h4 class=\"wp-block-heading has-text-color has-link-color wp-elements-5505da782d7ff0d86edc036a2460d47b\" style=\"color:#6289a1\">Regular classes at fabrik Potsdam<\/h4>\n\n\n\n<h5 class=\"wp-block-heading has-text-color has-link-color wp-elements-219408b64e8d58f69a1e6a2ed536dfa4\" style=\"color:#f7f3ea\">Every Monday, in alternance with Odile Seitz:<\/h5>\n\n\n\n<p class=\"has-text-color has-link-color wp-elements-46da2462b69d3d129d13b14ebef76767\" style=\"color:#f7f3ea\"><a href=\"https:\/\/www.fabrikpotsdam.de\/course\/56\" target=\"_blank\" rel=\"noreferrer noopener\">11:00\u201312:00 Baby, lass uns tanzen [bis 1,5 J.]<\/a><br>Eltern sp\u00fcren sich selbst in Bewegung, unterst\u00fctzen die Ent\u00ad wicklungsschritte ihrer Babys und st\u00e4rken das gemeinsame Miteinander.<br><br><a href=\"https:\/\/www.fabrikpotsdam.de\/course\/355\" target=\"_blank\" rel=\"noreferrer noopener\">15:30\u201316:30 Kreativer Kindertanz [4+]<\/a><br>Ein fantasievoller Raum f\u00fcr Kinder. Die Freude an Bewegung weckt Kreativit\u00e4t, Motorik und f\u00f6rdert das soziale Miteinander.<br><br><a href=\"https:\/\/www.fabrikpotsdam.de\/course\/55\" target=\"_blank\" rel=\"noreferrer noopener\">16:30\u201317:30 Gro\u00df und Klein tanzen [1,5\u20134 J.]<\/a><br>Ein gesch\u00fctzter Raum f\u00fcr gemeinsame Kreativit\u00e4t, Inspiration und Momente der Ruhe.<br><br><a href=\"https:\/\/www.fabrikpotsdam.de\/course\/80\" target=\"_blank\" rel=\"noreferrer noopener\">18:45\u201320:15 Body-Mind Centering\u00ae und Tanz<\/a><br>F\u00fcr Erwachsene: Bewegungsvielfalt erforschen, K\u00f6rperbe\u00ad wusstsein vertiefen, Lebendigkeit entfalten.<\/p>\n\n\n\n<div class=\"wp-block-buttons is-content-justification-center is-layout-flex wp-container-core-buttons-is-layout-a89b3969 wp-block-buttons-is-layout-flex\">\n<div class=\"wp-block-button\"><a class=\"wp-block-button__link has-text-color has-background has-link-color has-border-color wp-element-button\" href=\"https:\/\/lauragary.net\/wp-content\/uploads\/2025\/10\/RZ_FAB_Poka_BMC-Kurse_98x210_01_03.pdf\" style=\"border-color:#f5c66e;color:#d96b3b;background-color:#6289a10d\" target=\"_blank\" rel=\"noreferrer noopener\">Spread the word with this flyer<\/a><\/div>\n<\/div>\n<\/div>\n<\/div>\n\n\n\n<div class=\"wp-block-columns has-background is-layout-flex wp-container-core-columns-is-layout-28f84493 wp-block-columns-is-layout-flex\" style=\"background-color:#1e1a16\">\n<div class=\"wp-block-column is-layout-flow wp-block-column-is-layout-flow\" style=\"flex-basis:33.33%\">\n<figure class=\"wp-block-image aligncenter size-full is-resized wp-duotone-magenta-yellow\"><img loading=\"lazy\" decoding=\"async\" width=\"340\" height=\"156\" src=\"https:\/\/lauragary.net\/wp-content\/uploads\/2025\/10\/logo-PD.png\" alt=\"\" class=\"wp-image-5092\" style=\"width:368px;height:auto\" srcset=\"https:\/\/lauragary.net\/wp-content\/uploads\/2025\/10\/logo-PD.png 340w, https:\/\/lauragary.net\/wp-content\/uploads\/2025\/10\/logo-PD-300x138.png 300w, https:\/\/lauragary.net\/wp-content\/uploads\/2025\/10\/logo-PD-18x8.png 18w\" sizes=\"auto, (max-width: 340px) 100vw, 340px\" \/><\/figure>\n\n\n\n<figure class=\"wp-block-image aligncenter size-full is-resized\"><img decoding=\"async\" src=\"https:\/\/lauragary.net\/wp-content\/uploads\/2025\/10\/logo.svg\" alt=\"\" class=\"wp-image-5064\" style=\"width:235px;height:auto\"\/><\/figure>\n<\/div>\n\n\n\n<div class=\"wp-block-column is-layout-flow wp-block-column-is-layout-flow\" style=\"flex-basis:66.66%\">\n<h4 class=\"wp-block-heading has-text-color has-link-color wp-elements-83b5673bad8de728f63ca98cbc0b734f\" style=\"color:#6289a1\">Regular classes in Stralsund with Perform[d]ance and JKS <\/h4>\n\n\n\n<h5 class=\"wp-block-heading has-text-color has-link-color wp-elements-142a88d4ec3e1b5cbcad9c68b81dd03c\" style=\"color:#f7f3ea\">Every Wednesday, in Bergen en R\u00fcgen:<\/h5>\n\n\n\n<p class=\"has-text-color has-link-color wp-elements-0abcc424f2a10b6bddbed1688e19b8d5\" style=\"color:#f7f3ea\"><a href=\"https:\/\/www.jks-vr.de\/kurse3\/tanz\/gemeinsam-in-bewegung-bergen?filter=yes&amp;day=2|3&amp;parent=1501\" target=\"_blank\" rel=\"noreferrer noopener\">15:00\u201316:00 Gemeinsam in Bewegung&nbsp; [1,5\u20134 J.]<\/a><br><strong>\u2026lasst euch von der kindlichen Bewegungsfreude anstecken!<\/strong><br><br><a href=\"https:\/\/www.jks-vr.de\/kurse3\/tanz\/ruegenensemble-bergen?filter=yes&amp;day=2|3&amp;parent=1501\" target=\"_blank\" rel=\"noreferrer noopener\">16:00\u201318:00 R\u00fcgenensemble 11 &#8211; 15 Jahre<\/a><br>Dieser Kurs richtet sich an tanzinteressierte Jugendliche auf R\u00fcgen.<br><br><a href=\"https:\/\/www.performdance.de\/mitmachen\/kurse-2\/\">18:00\u201319:30 Zeitgen\u00f6ssischer Tanz f\u00fcr Erwachsene<\/a><br>In der Verbindung von K\u00f6rpertraining, Improvisation und choreografischem Arbeiten kommen die Teilnehmer:innen in Bewegung und erleben, wie vielf\u00e4ltig Tanzkunst sein kann.<\/p>\n\n\n\n<h5 class=\"wp-block-heading has-text-color has-link-color wp-elements-c44634f570935bc807384a4f07dcbbd2\" style=\"color:#f7f3ea\">Every Thursday, in Stralsund:<\/h5>\n\n\n\n<p class=\"has-text-color has-link-color wp-elements-c7a06572ab9654e19451b42240d6186d\" style=\"color:#f7f3ea\"><a href=\"https:\/\/www.jks-vr.de\/kurse3\/tanz\/eltern-kind-tanzen?filter=yes&amp;day=2|3&amp;parent=1501\" target=\"_blank\" rel=\"noreferrer noopener\">10:00\u201311:00 Eltern-Baby-Tanzen [bis 1,5 J]<\/a><br><strong>In diesem Kurs erleben Eltern mit ihren Babies die Freude an Musik und Bewegung.<\/strong><br><br><a href=\"https:\/\/www.jks-vr.de\/kurse3\/tanz\/gemeinsam-in-bewegung-stralsund?filter=yes&amp;day=2|3&amp;parent=1501\" target=\"_blank\" rel=\"noreferrer noopener\">16:00\u201317:00 Gemeinsam in Bewegung&nbsp; [1,5\u20134 J.]<\/a><br><strong>\u2026lasst euch von der kindlichen Bewegungsfreude anstecken!<\/strong><br><br><a href=\"https:\/\/www.jks-vr.de\/kurse3\/tanz\/boysboysboys-mini?filter=yes&amp;day=2|3&amp;parent=1501\" target=\"_blank\" rel=\"noreferrer noopener\">17:00\u201318:00 BoysBoysBoys mini <strong>4 &#8211; 6 Jahre<\/strong><\/a><br>Tanzt du schon? Mit dem Tanzen kann man (fast) nicht fr\u00fch genug anfangen.<\/p>\n\n\n\n<div class=\"wp-block-buttons is-content-justification-center is-layout-flex wp-container-core-buttons-is-layout-a89b3969 wp-block-buttons-is-layout-flex\">\n<div class=\"wp-block-button\"><a class=\"wp-block-button__link has-text-color has-background has-link-color has-border-color wp-element-button\" href=\"https:\/\/lauragary.net\/wp-content\/uploads\/2025\/10\/tanzkalender-2025-26-web.pdf\" style=\"border-color:#f5c66e;color:#d96b3b;background-color:#6289a10d\" target=\"_blank\" rel=\"noreferrer noopener\">Spread the word with this flyer<\/a><\/div>\n<\/div>\n<\/div>\n<\/div>\n","protected":false},"excerpt":{"rendered":"<p>Regular classes at fabrik Potsdam Every Monday, in alternance with Odile Seitz: 11:00\u201312:00 Baby, lass uns tanzen [bis 1,5 J.]Eltern sp\u00fcren sich selbst in Bewegung, unterst\u00fctzen die Ent\u00ad wicklungsschritte ihrer [&hellip;]<\/p>\n","protected":false},"author":1,"featured_media":0,"parent":0,"menu_order":0,"comment_status":"closed","ping_status":"closed","template":"","meta":{"site-sidebar-layout":"default","site-content-layout":"","ast-site-content-layout":"default","site-content-style":"default","site-sidebar-style":"default","ast-global-header-display":"","ast-banner-title-visibility":"","ast-main-header-display":"","ast-hfb-above-header-display":"","ast-hfb-below-header-display":"","ast-hfb-mobile-header-display":"","site-post-title":"disabled","ast-breadcrumbs-content":"","ast-featured-img":"","footer-sml-layout":"","ast-disable-related-posts":"","theme-transparent-header-meta":"","adv-header-id-meta":"","stick-header-meta":"","header-above-stick-meta":"","header-main-stick-meta":"","header-below-stick-meta":"","astra-migrate-meta-layouts":"default","ast-page-background-enabled":"default","ast-page-background-meta":{"desktop":{"background-color":"var(--ast-global-color-4)","background-image":"","background-repeat":"repeat","background-position":"center center","background-size":"auto","background-attachment":"scroll","background-type":"","background-media":"","overlay-type":"","overlay-color":"","overlay-opacity":"","overlay-gradient":""},"tablet":{"background-color":"","background-image":"","background-repeat":"repeat","background-position":"center center","background-size":"auto","background-attachment":"scroll","background-type":"","background-media":"","overlay-type":"","overlay-color":"","overlay-opacity":"","overlay-gradient":""},"mobile":{"background-color":"","background-image":"","background-repeat":"repeat","background-position":"center center","background-size":"auto","background-attachment":"scroll","background-type":"","background-media":"","overlay-type":"","overlay-color":"","overlay-opacity":"","overlay-gradient":""}},"ast-content-background-meta":{"desktop":{"background-color":"var(--ast-global-color-5)","background-image":"","background-repeat":"repeat","background-position":"center center","background-size":"auto","background-attachment":"scroll","background-type":"","background-media":"","overlay-type":"","overlay-color":"","overlay-opacity":"","overlay-gradient":""},"tablet":{"background-color":"var(--ast-global-color-5)","background-image":"","background-repeat":"repeat","background-position":"center center","background-size":"auto","background-attachment":"scroll","background-type":"","background-media":"","overlay-type":"","overlay-color":"","overlay-opacity":"","overlay-gradient":""},"mobile":{"background-color":"var(--ast-global-color-5)","background-image":"","background-repeat":"repeat","background-position":"center center","background-size":"auto","background-attachment":"scroll","background-type":"","background-media":"","overlay-type":"","overlay-color":"","overlay-opacity":"","overlay-gradient":""}},"_EventAllDay":false,"_EventTimezone":"","_EventStartDate":"","_EventEndDate":"","_EventStartDateUTC":"","_EventEndDateUTC":"","_EventShowMap":false,"_EventShowMapLink":false,"_EventURL":"","_EventCost":"","_EventCostDescription":"","_EventCurrencySymbol":"","_EventCurrencyCode":"","_EventCurrencyPosition":"","_EventDateTimeSeparator":"","_EventTimeRangeSeparator":"","_EventOrganizerID":[],"_EventVenueID":[],"_OrganizerEmail":"","_OrganizerPhone":"","_OrganizerWebsite":"","_VenueAddress":"","_VenueCity":"","_VenueCountry":"","_VenueProvince":"","_VenueState":"","_VenueZip":"","_VenuePhone":"","_VenueURL":"","_VenueStateProvince":"","_VenueLat":"","_VenueLng":"","_VenueShowMap":false,"_VenueShowMapLink":false,"footnotes":""},"class_list":["post-3228","page","type-page","status-publish","hentry"],"yoast_head":"<!-- This site is optimized with the Yoast SEO plugin v27.3 - https:\/\/yoast.com\/product\/yoast-seo-wordpress\/ -->\n<title>TEACHINGS | Laura Gary<\/title>\n<meta name=\"robots\" content=\"index, follow, max-snippet:-1, max-image-preview:large, max-video-preview:-1\" \/>\n<link rel=\"canonical\" href=\"https:\/\/lauragary.net\/index.php\/teachings\/\" \/>\n<meta property=\"og:locale\" content=\"en_GB\" \/>\n<meta property=\"og:type\" content=\"article\" \/>\n<meta property=\"og:title\" content=\"TEACHINGS | Laura Gary\" \/>\n<meta property=\"og:description\" content=\"Regular classes at fabrik Potsdam Every Monday, in alternance with Odile Seitz: 11:00\u201312:00 Baby, lass uns tanzen [bis 1,5 J.]Eltern sp\u00fcren sich selbst in Bewegung, unterst\u00fctzen die Ent\u00ad wicklungsschritte ihrer [&hellip;]\" \/>\n<meta property=\"og:url\" content=\"https:\/\/lauragary.net\/index.php\/teachings\/\" \/>\n<meta property=\"og:site_name\" content=\"Laura Gary\" \/>\n<meta property=\"article:modified_time\" content=\"2025-10-13T09:29:47+00:00\" \/>\n<meta property=\"og:image\" content=\"https:\/\/lauragary.net\/wp-content\/uploads\/2022\/12\/fabrikPotsdam2006-1-scaled.jpg\" \/>\n\t<meta property=\"og:image:width\" content=\"2560\" \/>\n\t<meta property=\"og:image:height\" content=\"1203\" \/>\n\t<meta property=\"og:image:type\" content=\"image\/jpeg\" \/>\n<meta name=\"twitter:card\" content=\"summary_large_image\" \/>\n<meta name=\"twitter:label1\" content=\"Estimated reading time\" \/>\n\t<meta name=\"twitter:data1\" content=\"2 minutes\" \/>\n<script type=\"application\/ld+json\" class=\"yoast-schema-graph\">{\"@context\":\"https:\\\/\\\/schema.org\",\"@graph\":[{\"@type\":\"WebPage\",\"@id\":\"https:\\\/\\\/lauragary.net\\\/index.php\\\/teachings\\\/\",\"url\":\"https:\\\/\\\/lauragary.net\\\/index.php\\\/teachings\\\/\",\"name\":\"TEACHINGS | Laura Gary\",\"isPartOf\":{\"@id\":\"https:\\\/\\\/lauragary.net\\\/#website\"},\"primaryImageOfPage\":{\"@id\":\"https:\\\/\\\/lauragary.net\\\/index.php\\\/teachings\\\/#primaryimage\"},\"image\":{\"@id\":\"https:\\\/\\\/lauragary.net\\\/index.php\\\/teachings\\\/#primaryimage\"},\"thumbnailUrl\":\"https:\\\/\\\/lauragary.net\\\/wp-content\\\/uploads\\\/2022\\\/12\\\/fabrikPotsdam2006-1-1024x481.jpg\",\"datePublished\":\"2023-09-19T15:06:15+00:00\",\"dateModified\":\"2025-10-13T09:29:47+00:00\",\"inLanguage\":\"en-GB\",\"potentialAction\":[{\"@type\":\"ReadAction\",\"target\":[\"https:\\\/\\\/lauragary.net\\\/index.php\\\/teachings\\\/\"]}]},{\"@type\":\"ImageObject\",\"inLanguage\":\"en-GB\",\"@id\":\"https:\\\/\\\/lauragary.net\\\/index.php\\\/teachings\\\/#primaryimage\",\"url\":\"https:\\\/\\\/lauragary.net\\\/wp-content\\\/uploads\\\/2022\\\/12\\\/fabrikPotsdam2006-1-scaled.jpg\",\"contentUrl\":\"https:\\\/\\\/lauragary.net\\\/wp-content\\\/uploads\\\/2022\\\/12\\\/fabrikPotsdam2006-1-scaled.jpg\",\"width\":2560,\"height\":1203},{\"@type\":\"WebSite\",\"@id\":\"https:\\\/\\\/lauragary.net\\\/#website\",\"url\":\"https:\\\/\\\/lauragary.net\\\/\",\"name\":\"Laura Gary\",\"description\":\"Choreographer, Dancer, Body-Mind Centering\u00ae\",\"publisher\":{\"@id\":\"https:\\\/\\\/lauragary.net\\\/#organization\"},\"potentialAction\":[{\"@type\":\"SearchAction\",\"target\":{\"@type\":\"EntryPoint\",\"urlTemplate\":\"https:\\\/\\\/lauragary.net\\\/?s={search_term_string}\"},\"query-input\":{\"@type\":\"PropertyValueSpecification\",\"valueRequired\":true,\"valueName\":\"search_term_string\"}}],\"inLanguage\":\"en-GB\"},{\"@type\":\"Organization\",\"@id\":\"https:\\\/\\\/lauragary.net\\\/#organization\",\"name\":\"Laura Gary\",\"url\":\"https:\\\/\\\/lauragary.net\\\/\",\"logo\":{\"@type\":\"ImageObject\",\"inLanguage\":\"en-GB\",\"@id\":\"https:\\\/\\\/lauragary.net\\\/#\\\/schema\\\/logo\\\/image\\\/\",\"url\":\"https:\\\/\\\/lauragary.net\\\/wp-content\\\/uploads\\\/2025\\\/10\\\/cropped-cropped-LOGO-CORE-IDENTITY-2.png\",\"contentUrl\":\"https:\\\/\\\/lauragary.net\\\/wp-content\\\/uploads\\\/2025\\\/10\\\/cropped-cropped-LOGO-CORE-IDENTITY-2.png\",\"width\":512,\"height\":512,\"caption\":\"Laura Gary\"},\"image\":{\"@id\":\"https:\\\/\\\/lauragary.net\\\/#\\\/schema\\\/logo\\\/image\\\/\"}}]}<\/script>\n<!-- \/ Yoast SEO plugin. -->","yoast_head_json":{"title":"TEACHINGS | Laura Gary","robots":{"index":"index","follow":"follow","max-snippet":"max-snippet:-1","max-image-preview":"max-image-preview:large","max-video-preview":"max-video-preview:-1"},"canonical":"https:\/\/lauragary.net\/index.php\/teachings\/","og_locale":"en_GB","og_type":"article","og_title":"TEACHINGS | Laura Gary","og_description":"Regular classes at fabrik Potsdam Every Monday, in alternance with Odile Seitz: 11:00\u201312:00 Baby, lass uns tanzen [bis 1,5 J.]Eltern sp\u00fcren sich selbst in Bewegung, unterst\u00fctzen die Ent\u00ad wicklungsschritte ihrer [&hellip;]","og_url":"https:\/\/lauragary.net\/index.php\/teachings\/","og_site_name":"Laura Gary","article_modified_time":"2025-10-13T09:29:47+00:00","og_image":[{"width":2560,"height":1203,"url":"https:\/\/lauragary.net\/wp-content\/uploads\/2022\/12\/fabrikPotsdam2006-1-scaled.jpg","type":"image\/jpeg"}],"twitter_card":"summary_large_image","twitter_misc":{"Estimated reading time":"2 minutes"},"schema":{"@context":"https:\/\/schema.org","@graph":[{"@type":"WebPage","@id":"https:\/\/lauragary.net\/index.php\/teachings\/","url":"https:\/\/lauragary.net\/index.php\/teachings\/","name":"TEACHINGS | Laura Gary","isPartOf":{"@id":"https:\/\/lauragary.net\/#website"},"primaryImageOfPage":{"@id":"https:\/\/lauragary.net\/index.php\/teachings\/#primaryimage"},"image":{"@id":"https:\/\/lauragary.net\/index.php\/teachings\/#primaryimage"},"thumbnailUrl":"https:\/\/lauragary.net\/wp-content\/uploads\/2022\/12\/fabrikPotsdam2006-1-1024x481.jpg","datePublished":"2023-09-19T15:06:15+00:00","dateModified":"2025-10-13T09:29:47+00:00","inLanguage":"en-GB","potentialAction":[{"@type":"ReadAction","target":["https:\/\/lauragary.net\/index.php\/teachings\/"]}]},{"@type":"ImageObject","inLanguage":"en-GB","@id":"https:\/\/lauragary.net\/index.php\/teachings\/#primaryimage","url":"https:\/\/lauragary.net\/wp-content\/uploads\/2022\/12\/fabrikPotsdam2006-1-scaled.jpg","contentUrl":"https:\/\/lauragary.net\/wp-content\/uploads\/2022\/12\/fabrikPotsdam2006-1-scaled.jpg","width":2560,"height":1203},{"@type":"WebSite","@id":"https:\/\/lauragary.net\/#website","url":"https:\/\/lauragary.net\/","name":"Laura Gary","description":"Choreographer, Dancer, Body-Mind Centering\u00ae","publisher":{"@id":"https:\/\/lauragary.net\/#organization"},"potentialAction":[{"@type":"SearchAction","target":{"@type":"EntryPoint","urlTemplate":"https:\/\/lauragary.net\/?s={search_term_string}"},"query-input":{"@type":"PropertyValueSpecification","valueRequired":true,"valueName":"search_term_string"}}],"inLanguage":"en-GB"},{"@type":"Organization","@id":"https:\/\/lauragary.net\/#organization","name":"Laura Gary","url":"https:\/\/lauragary.net\/","logo":{"@type":"ImageObject","inLanguage":"en-GB","@id":"https:\/\/lauragary.net\/#\/schema\/logo\/image\/","url":"https:\/\/lauragary.net\/wp-content\/uploads\/2025\/10\/cropped-cropped-LOGO-CORE-IDENTITY-2.png","contentUrl":"https:\/\/lauragary.net\/wp-content\/uploads\/2025\/10\/cropped-cropped-LOGO-CORE-IDENTITY-2.png","width":512,"height":512,"caption":"Laura Gary"},"image":{"@id":"https:\/\/lauragary.net\/#\/schema\/logo\/image\/"}}]}},"_links":{"self":[{"href":"https:\/\/lauragary.net\/index.php\/wp-json\/wp\/v2\/pages\/3228","targetHints":{"allow":["GET"]}}],"collection":[{"href":"https:\/\/lauragary.net\/index.php\/wp-json\/wp\/v2\/pages"}],"about":[{"href":"https:\/\/lauragary.net\/index.php\/wp-json\/wp\/v2\/types\/page"}],"author":[{"embeddable":true,"href":"https:\/\/lauragary.net\/index.php\/wp-json\/wp\/v2\/users\/1"}],"replies":[{"embeddable":true,"href":"https:\/\/lauragary.net\/index.php\/wp-json\/wp\/v2\/comments?post=3228"}],"version-history":[{"count":18,"href":"https:\/\/lauragary.net\/index.php\/wp-json\/wp\/v2\/pages\/3228\/revisions"}],"predecessor-version":[{"id":5325,"href":"https:\/\/lauragary.net\/index.php\/wp-json\/wp\/v2\/pages\/3228\/revisions\/5325"}],"wp:attachment":[{"href":"https:\/\/lauragary.net\/index.php\/wp-json\/wp\/v2\/media?parent=3228"}],"curies":[{"name":"wp","href":"https:\/\/api.w.org\/{rel}","templated":true}]}}