{"id":742,"date":"2022-08-23T16:38:25","date_gmt":"2022-08-23T14:38:25","guid":{"rendered":"http:\/\/lauragary.net\/?page_id=742"},"modified":"2025-10-12T17:53:26","modified_gmt":"2025-10-12T15:53:26","slug":"impressum","status":"publish","type":"page","link":"https:\/\/lauragary.net\/index.php\/impressum\/","title":{"rendered":"Impressum"},"content":{"rendered":"\n<p>Laura Gary<br>Inhaber des Unternehmens: Laura Gary<br>Sommerswalde 10<br>16727 Oberkr\u00e4mer<br>Deutschland<br>E-Mail-Adresse:\u00a0laura.gary.berlin(at)gmail.com<br>Telefonnummer: +49 176 29898746<br>Umsatzsteuer-Identifikationsnummer: &#8211;<br>Firmenbuch Nr.: &#8211;<br>Gerichtsstand: &#8211;<\/p>\n\n\n\n<p>Verantwortlich f\u00fcr den Inhalt: Laura Gary<\/p>\n\n\n\n<p>Plattform der Europ\u00e4ischen Kommission zur Online-Streitbeilegung (OS) f\u00fcr Verbraucher:&nbsp;<a href=\"https:\/\/ec.europa.eu\/consumers\/odr\/\" target=\"_blank\" rel=\"noreferrer noopener\">https:\/\/ec.europa.eu\/consumers\/odr\/<\/a>. Wir sind nicht bereit und nicht verpflichtet an einem Streitbeilegungsverfahren vor einer Verbraucherschlichtungsstelle teilzunehmen.<\/p>\n","protected":false},"excerpt":{"rendered":"<p>Laura GaryInhaber des Unternehmens: Laura GarySommerswalde 1016727 Oberkr\u00e4merDeutschlandE-Mail-Adresse:\u00a0laura.gary.berlin(at)gmail.comTelefonnummer: +49 176 29898746Umsatzsteuer-Identifikationsnummer: &#8211;Firmenbuch Nr.: &#8211;Gerichtsstand: &#8211; Verantwortlich f\u00fcr den Inhalt: Laura Gary Plattform der Europ\u00e4ischen Kommission zur Online-Streitbeilegung (OS) f\u00fcr Verbraucher:&nbsp;https:\/\/ec.europa.eu\/consumers\/odr\/. [&hellip;]<\/p>\n","protected":false},"author":1,"featured_media":0,"parent":0,"menu_order":0,"comment_status":"closed","ping_status":"closed","template":"","meta":{"site-sidebar-layout":"default","site-content-layout":"","ast-site-content-layout":"default","site-content-style":"default","site-sidebar-style":"default","ast-global-header-display":"","ast-banner-title-visibility":"","ast-main-header-display":"","ast-hfb-above-header-display":"","ast-hfb-below-header-display":"","ast-hfb-mobile-header-display":"","site-post-title":"","ast-breadcrumbs-content":"","ast-featured-img":"","footer-sml-layout":"","ast-disable-related-posts":"","theme-transparent-header-meta":"","adv-header-id-meta":"","stick-header-meta":"","header-above-stick-meta":"","header-main-stick-meta":"","header-below-stick-meta":"","astra-migrate-meta-layouts":"default","ast-page-background-enabled":"default","ast-page-background-meta":{"desktop":{"background-color":"var(--ast-global-color-4)","background-image":"","background-repeat":"repeat","background-position":"center center","background-size":"auto","background-attachment":"scroll","background-type":"","background-media":"","overlay-type":"","overlay-color":"","overlay-opacity":"","overlay-gradient":""},"tablet":{"background-color":"","background-image":"","background-repeat":"repeat","background-position":"center center","background-size":"auto","background-attachment":"scroll","background-type":"","background-media":"","overlay-type":"","overlay-color":"","overlay-opacity":"","overlay-gradient":""},"mobile":{"background-color":"","background-image":"","background-repeat":"repeat","background-position":"center center","background-size":"auto","background-attachment":"scroll","background-type":"","background-media":"","overlay-type":"","overlay-color":"","overlay-opacity":"","overlay-gradient":""}},"ast-content-background-meta":{"desktop":{"background-color":"var(--ast-global-color-5)","background-image":"","background-repeat":"repeat","background-position":"center center","background-size":"auto","background-attachment":"scroll","background-type":"","background-media":"","overlay-type":"","overlay-color":"","overlay-opacity":"","overlay-gradient":""},"tablet":{"background-color":"var(--ast-global-color-5)","background-image":"","background-repeat":"repeat","background-position":"center center","background-size":"auto","background-attachment":"scroll","background-type":"","background-media":"","overlay-type":"","overlay-color":"","overlay-opacity":"","overlay-gradient":""},"mobile":{"background-color":"var(--ast-global-color-5)","background-image":"","background-repeat":"repeat","background-position":"center center","background-size":"auto","background-attachment":"scroll","background-type":"","background-media":"","overlay-type":"","overlay-color":"","overlay-opacity":"","overlay-gradient":""}},"_EventAllDay":false,"_EventTimezone":"","_EventStartDate":"","_EventEndDate":"","_EventStartDateUTC":"","_EventEndDateUTC":"","_EventShowMap":false,"_EventShowMapLink":false,"_EventURL":"","_EventCost":"","_EventCostDescription":"","_EventCurrencySymbol":"","_EventCurrencyCode":"","_EventCurrencyPosition":"","_EventDateTimeSeparator":"","_EventTimeRangeSeparator":"","_EventOrganizerID":[],"_EventVenueID":[],"_OrganizerEmail":"","_OrganizerPhone":"","_OrganizerWebsite":"","_VenueAddress":"","_VenueCity":"","_VenueCountry":"","_VenueProvince":"","_VenueState":"","_VenueZip":"","_VenuePhone":"","_VenueURL":"","_VenueStateProvince":"","_VenueLat":"","_VenueLng":"","_VenueShowMap":false,"_VenueShowMapLink":false,"footnotes":""},"class_list":["post-742","page","type-page","status-publish","hentry"],"yoast_head":"<!-- This site is optimized with the Yoast SEO plugin v26.5 - https:\/\/yoast.com\/wordpress\/plugins\/seo\/ -->\n<title>Impressum | Laura Gary<\/title>\n<meta name=\"robots\" content=\"index, follow, max-snippet:-1, max-image-preview:large, max-video-preview:-1\" \/>\n<link rel=\"canonical\" href=\"https:\/\/lauragary.net\/index.php\/impressum\/\" \/>\n<meta property=\"og:locale\" content=\"en_GB\" \/>\n<meta property=\"og:type\" content=\"article\" \/>\n<meta property=\"og:title\" content=\"Impressum | Laura Gary\" \/>\n<meta property=\"og:description\" content=\"Laura GaryInhaber des Unternehmens: Laura GarySommerswalde 1016727 Oberkr\u00e4merDeutschlandE-Mail-Adresse:\u00a0laura.gary.berlin(at)gmail.comTelefonnummer: +49 176 29898746Umsatzsteuer-Identifikationsnummer: &#8211;Firmenbuch Nr.: &#8211;Gerichtsstand: &#8211; Verantwortlich f\u00fcr den Inhalt: Laura Gary Plattform der Europ\u00e4ischen Kommission zur Online-Streitbeilegung (OS) f\u00fcr Verbraucher:&nbsp;https:\/\/ec.europa.eu\/consumers\/odr\/. [&hellip;]\" \/>\n<meta property=\"og:url\" content=\"https:\/\/lauragary.net\/index.php\/impressum\/\" \/>\n<meta property=\"og:site_name\" content=\"Laura Gary\" \/>\n<meta property=\"article:modified_time\" content=\"2025-10-12T15:53:26+00:00\" \/>\n<meta name=\"twitter:card\" content=\"summary_large_image\" \/>\n<meta name=\"twitter:label1\" content=\"Estimated reading time\" \/>\n\t<meta name=\"twitter:data1\" content=\"1 minute\" \/>\n<script type=\"application\/ld+json\" class=\"yoast-schema-graph\">{\"@context\":\"https:\/\/schema.org\",\"@graph\":[{\"@type\":\"WebPage\",\"@id\":\"https:\/\/lauragary.net\/index.php\/impressum\/\",\"url\":\"https:\/\/lauragary.net\/index.php\/impressum\/\",\"name\":\"Impressum | Laura Gary\",\"isPartOf\":{\"@id\":\"https:\/\/lauragary.net\/#website\"},\"datePublished\":\"2022-08-23T14:38:25+00:00\",\"dateModified\":\"2025-10-12T15:53:26+00:00\",\"inLanguage\":\"en-GB\",\"potentialAction\":[{\"@type\":\"ReadAction\",\"target\":[\"https:\/\/lauragary.net\/index.php\/impressum\/\"]}]},{\"@type\":\"WebSite\",\"@id\":\"https:\/\/lauragary.net\/#website\",\"url\":\"https:\/\/lauragary.net\/\",\"name\":\"Laura Gary\",\"description\":\"Choreographer, Dancer, Body-Mind Centering\u00ae\",\"publisher\":{\"@id\":\"https:\/\/lauragary.net\/#organization\"},\"potentialAction\":[{\"@type\":\"SearchAction\",\"target\":{\"@type\":\"EntryPoint\",\"urlTemplate\":\"https:\/\/lauragary.net\/?s={search_term_string}\"},\"query-input\":{\"@type\":\"PropertyValueSpecification\",\"valueRequired\":true,\"valueName\":\"search_term_string\"}}],\"inLanguage\":\"en-GB\"},{\"@type\":\"Organization\",\"@id\":\"https:\/\/lauragary.net\/#organization\",\"name\":\"Laura Gary\",\"url\":\"https:\/\/lauragary.net\/\",\"logo\":{\"@type\":\"ImageObject\",\"inLanguage\":\"en-GB\",\"@id\":\"https:\/\/lauragary.net\/#\/schema\/logo\/image\/\",\"url\":\"https:\/\/lauragary.net\/wp-content\/uploads\/2025\/10\/cropped-cropped-LOGO-CORE-IDENTITY-2.png\",\"contentUrl\":\"https:\/\/lauragary.net\/wp-content\/uploads\/2025\/10\/cropped-cropped-LOGO-CORE-IDENTITY-2.png\",\"width\":512,\"height\":512,\"caption\":\"Laura Gary\"},\"image\":{\"@id\":\"https:\/\/lauragary.net\/#\/schema\/logo\/image\/\"}}]}<\/script>\n<!-- \/ Yoast SEO plugin. -->","yoast_head_json":{"title":"Impressum | Laura Gary","robots":{"index":"index","follow":"follow","max-snippet":"max-snippet:-1","max-image-preview":"max-image-preview:large","max-video-preview":"max-video-preview:-1"},"canonical":"https:\/\/lauragary.net\/index.php\/impressum\/","og_locale":"en_GB","og_type":"article","og_title":"Impressum | Laura Gary","og_description":"Laura GaryInhaber des Unternehmens: Laura GarySommerswalde 1016727 Oberkr\u00e4merDeutschlandE-Mail-Adresse:\u00a0laura.gary.berlin(at)gmail.comTelefonnummer: +49 176 29898746Umsatzsteuer-Identifikationsnummer: &#8211;Firmenbuch Nr.: &#8211;Gerichtsstand: &#8211; Verantwortlich f\u00fcr den Inhalt: Laura Gary Plattform der Europ\u00e4ischen Kommission zur Online-Streitbeilegung (OS) f\u00fcr Verbraucher:&nbsp;https:\/\/ec.europa.eu\/consumers\/odr\/. [&hellip;]","og_url":"https:\/\/lauragary.net\/index.php\/impressum\/","og_site_name":"Laura Gary","article_modified_time":"2025-10-12T15:53:26+00:00","twitter_card":"summary_large_image","twitter_misc":{"Estimated reading time":"1 minute"},"schema":{"@context":"https:\/\/schema.org","@graph":[{"@type":"WebPage","@id":"https:\/\/lauragary.net\/index.php\/impressum\/","url":"https:\/\/lauragary.net\/index.php\/impressum\/","name":"Impressum | Laura Gary","isPartOf":{"@id":"https:\/\/lauragary.net\/#website"},"datePublished":"2022-08-23T14:38:25+00:00","dateModified":"2025-10-12T15:53:26+00:00","inLanguage":"en-GB","potentialAction":[{"@type":"ReadAction","target":["https:\/\/lauragary.net\/index.php\/impressum\/"]}]},{"@type":"WebSite","@id":"https:\/\/lauragary.net\/#website","url":"https:\/\/lauragary.net\/","name":"Laura Gary","description":"Choreographer, Dancer, Body-Mind Centering\u00ae","publisher":{"@id":"https:\/\/lauragary.net\/#organization"},"potentialAction":[{"@type":"SearchAction","target":{"@type":"EntryPoint","urlTemplate":"https:\/\/lauragary.net\/?s={search_term_string}"},"query-input":{"@type":"PropertyValueSpecification","valueRequired":true,"valueName":"search_term_string"}}],"inLanguage":"en-GB"},{"@type":"Organization","@id":"https:\/\/lauragary.net\/#organization","name":"Laura Gary","url":"https:\/\/lauragary.net\/","logo":{"@type":"ImageObject","inLanguage":"en-GB","@id":"https:\/\/lauragary.net\/#\/schema\/logo\/image\/","url":"https:\/\/lauragary.net\/wp-content\/uploads\/2025\/10\/cropped-cropped-LOGO-CORE-IDENTITY-2.png","contentUrl":"https:\/\/lauragary.net\/wp-content\/uploads\/2025\/10\/cropped-cropped-LOGO-CORE-IDENTITY-2.png","width":512,"height":512,"caption":"Laura Gary"},"image":{"@id":"https:\/\/lauragary.net\/#\/schema\/logo\/image\/"}}]}},"_links":{"self":[{"href":"https:\/\/lauragary.net\/index.php\/wp-json\/wp\/v2\/pages\/742","targetHints":{"allow":["GET"]}}],"collection":[{"href":"https:\/\/lauragary.net\/index.php\/wp-json\/wp\/v2\/pages"}],"about":[{"href":"https:\/\/lauragary.net\/index.php\/wp-json\/wp\/v2\/types\/page"}],"author":[{"embeddable":true,"href":"https:\/\/lauragary.net\/index.php\/wp-json\/wp\/v2\/users\/1"}],"replies":[{"embeddable":true,"href":"https:\/\/lauragary.net\/index.php\/wp-json\/wp\/v2\/comments?post=742"}],"version-history":[{"count":3,"href":"https:\/\/lauragary.net\/index.php\/wp-json\/wp\/v2\/pages\/742\/revisions"}],"predecessor-version":[{"id":5109,"href":"https:\/\/lauragary.net\/index.php\/wp-json\/wp\/v2\/pages\/742\/revisions\/5109"}],"wp:attachment":[{"href":"https:\/\/lauragary.net\/index.php\/wp-json\/wp\/v2\/media?parent=742"}],"curies":[{"name":"wp","href":"https:\/\/api.w.org\/{rel}","templated":true}]}}